{"id":102,"date":"2024-03-26T16:38:13","date_gmt":"2024-03-26T16:38:13","guid":{"rendered":"https:\/\/topchometro.com.es\/index.php\/producto\/b0crqlkzv1\/"},"modified":"2024-03-26T16:38:13","modified_gmt":"2024-03-26T16:38:13","slug":"b0crqlkzv1","status":"publish","type":"product","link":"https:\/\/topchometro.com.es\/index.php\/producto\/b0crqlkzv1\/","title":{"rendered":"B0CRQLKZV1"},"content":{"rendered":"<p>&#8211; \ud83c\udf31 Soluci\u00f3n integral para tu cabello. Activa el fol\u00edculo piloso, acelera el crecimiento, previene y detiene la ca\u00edda, fortalece y aumenta el volumen del cabello, restaura de la ra\u00edz a las puntas, normaliza los niveles de grasa, proporciona brillo y suavidad. Nuestra mascarilla de 500ml ofrece un cuidado prolongado para tu pelo, con resultados notables desde la primera aplicaci\u00f3n.<br \/>\n&#8211; \ud83e\udd51 Ingredientes altamente nutritivos de Colombia. Nuestra ubicaci\u00f3n nos da acceso a una gran variedad de frutas e ingredientes activos naturales. Nuestra mascarilla capilar contiene aloe vera, aguacate, papaya, fresas, pl\u00e1tano, leche, miel y huevo, ricos en biotina, importante para la s\u00edntesis de queratina en el cabello. Tambi\u00e9n enriquecida con col\u00e1geno, manteca de karit\u00e9 y aceites de oliva y coco.No contiene sal ni parabenos.<br \/>\n&#8211; \ud83e\uddea Potenciando la Bioactividad mediante la Fermentaci\u00f3n. Nuestro proceso de fabricaci\u00f3n \u00fanico incorpora alimentos enteros, no extractos, haciendo uso de la fermentaci\u00f3n para maximizar la carga nutritiva y asegurar una mejor absorci\u00f3n. Desaf\u00edo que ha llevado a\u00f1os de investigaci\u00f3n y ensayos. Debido a su composi\u00f3n natural, puede experimentar variaciones en apariencia y color.<br \/>\n&#8211; \ud83d\udc68\u200d\ud83d\udc69\u200d\ud83d\udc67\u200d\ud83d\udc66 Uso Universal: Ha demostrado su eficacia en una variedad de condiciones capilares, desde da\u00f1os leves hasta casos de alopecia y p\u00e9rdida capilar debido a des\u00f3rdenes hormonales o terapias agresivas para el cabello. Apto para ni\u00f1os desde un a\u00f1o de edad, mujeres embarazadas o en lactancia, adultos mayores y cabellos tratados qu\u00edmicamente.<br \/>\n&#8211; \ud83e\uddd6\u200d\u2640\ufe0f Modo de aplicaci\u00f3n. Desenredar el cabello, aplicar el tratamiento de ra\u00edz a puntas con el pelo seco, dejar actuar (m\u00ednimo 30 minutos) y enjuagar con suficiente champ\u00fa sin sal. Para garantizar la efectividad del producto se sugiere el champ\u00fa de nuestra l\u00ednea con Prebi\u00f3ticos, Miel y Avena, y completar el tratamiento con nuestro acondicionador enriquecido con Manteca de Karit\u00e9. Usar m\u00ednimo 2 veces por semana.<\/p>\n","protected":false},"excerpt":{"rendered":"<p><b>nsh. Mascarilla Tratamiento Antica\u00edda Mujer y Hombre 500ml &#8211; Para la Ca\u00edda del cabello, Acelera el Crecimiento y Repara pelo Seco y Da\u00f1ado &#8211; Col\u00e1geno y Activos Puros &#8211; Alternativa Natural al Minoxidil<\/b><\/p>\n","protected":false},"featured_media":101,"comment_status":"open","ping_status":"closed","template":"","meta":[],"product_cat":[18],"product_tag":[],"class_list":{"0":"post-102","1":"product","2":"type-product","3":"status-publish","4":"has-post-thumbnail","6":"product_cat-sin-categorizar","8":"first","9":"instock","10":"shipping-taxable","11":"product-type-external"},"_links":{"self":[{"href":"https:\/\/topchometro.com.es\/index.php\/wp-json\/wp\/v2\/product\/102","targetHints":{"allow":["GET"]}}],"collection":[{"href":"https:\/\/topchometro.com.es\/index.php\/wp-json\/wp\/v2\/product"}],"about":[{"href":"https:\/\/topchometro.com.es\/index.php\/wp-json\/wp\/v2\/types\/product"}],"replies":[{"embeddable":true,"href":"https:\/\/topchometro.com.es\/index.php\/wp-json\/wp\/v2\/comments?post=102"}],"wp:featuredmedia":[{"embeddable":true,"href":"https:\/\/topchometro.com.es\/index.php\/wp-json\/wp\/v2\/media\/101"}],"wp:attachment":[{"href":"https:\/\/topchometro.com.es\/index.php\/wp-json\/wp\/v2\/media?parent=102"}],"wp:term":[{"taxonomy":"product_cat","embeddable":true,"href":"https:\/\/topchometro.com.es\/index.php\/wp-json\/wp\/v2\/product_cat?post=102"},{"taxonomy":"product_tag","embeddable":true,"href":"https:\/\/topchometro.com.es\/index.php\/wp-json\/wp\/v2\/product_tag?post=102"}],"curies":[{"name":"wp","href":"https:\/\/api.w.org\/{rel}","templated":true}]}}