{"id":110,"date":"2024-03-26T17:03:32","date_gmt":"2024-03-26T17:03:32","guid":{"rendered":"https:\/\/topchometro.com.es\/index.php\/producto\/b0crl629xb\/"},"modified":"2024-03-26T17:03:32","modified_gmt":"2024-03-26T17:03:32","slug":"b0crl629xb","status":"publish","type":"product","link":"https:\/\/topchometro.com.es\/index.php\/producto\/b0crl629xb\/","title":{"rendered":"B0CRL629XB"},"content":{"rendered":"<p>&#8211; \u2705[ORGANIZACI\u00d3N DE TU COCINA] Organizadores Resistentes de pared para botes de especias de pl\u00e1stico, madera o cristal ordenando tus especieros de cocina eficientemente.<br \/>\n&#8211; \ud83c\udfaf[ADHESIVO SUPER RESISTENTE] La Firmeza y Resistencia de nuestro nuevo adhesivo ecol\u00f3gico instant\u00e1neo con pegamento polim\u00e9rico ayudar\u00e1 a mantener tu cocina ordenada en todo momento!<br \/>\n&#8211; \u2699\ufe0f[F\u00c1CIL INSTALACI\u00d3N] 4 x 5 Soporte de Racks ideal como organizador de cocina para el orden de tus estanter\u00edas con 20 especias, sin necesidad de tornillos; siga las instrucciones asegurando una sujeci\u00f3n perfecta.<br \/>\n&#8211; \ud83e\udde9[ALMACENAMIENTO PARA ESPECIAS PERSONALIZABLE] Guarda y Organiza cualquier bote de especias o hierbas est\u00e1ndar de hasta 90 gramos de peso adapt\u00e1ndose a tus necesidades y preferencias.<br \/>\n&#8211; \ud83c\udf81[GARANT\u00cdA DE CALIDAD] Nuestra Experiencia en el sector prioriza la satisfacci\u00f3n del cliente comprometi\u00e9ndonos a proporcionar la mejor calidad del mercado. Resolveremos cualquier tipo de inconveniente con sugerencias, instrucciones o un reembolso si es necesario.<\/p>\n","protected":false},"excerpt":{"rendered":"<p><b>lenffect Especieros para Cocina &#8211; Organizador Cocina &#8211; Especiero Cocina &#8211; 20 Botes Especias &#8211; ADHESIVO FUERTE &#8211; Organizador Armario &#8211; Estanter\u00eda Cocina &#8211; Soporte Pared Personalizable<\/b><\/p>\n","protected":false},"featured_media":109,"comment_status":"open","ping_status":"closed","template":"","meta":[],"product_cat":[18],"product_tag":[],"class_list":{"0":"post-110","1":"product","2":"type-product","3":"status-publish","4":"has-post-thumbnail","6":"product_cat-sin-categorizar","8":"first","9":"instock","10":"shipping-taxable","11":"product-type-external"},"_links":{"self":[{"href":"https:\/\/topchometro.com.es\/index.php\/wp-json\/wp\/v2\/product\/110","targetHints":{"allow":["GET"]}}],"collection":[{"href":"https:\/\/topchometro.com.es\/index.php\/wp-json\/wp\/v2\/product"}],"about":[{"href":"https:\/\/topchometro.com.es\/index.php\/wp-json\/wp\/v2\/types\/product"}],"replies":[{"embeddable":true,"href":"https:\/\/topchometro.com.es\/index.php\/wp-json\/wp\/v2\/comments?post=110"}],"wp:featuredmedia":[{"embeddable":true,"href":"https:\/\/topchometro.com.es\/index.php\/wp-json\/wp\/v2\/media\/109"}],"wp:attachment":[{"href":"https:\/\/topchometro.com.es\/index.php\/wp-json\/wp\/v2\/media?parent=110"}],"wp:term":[{"taxonomy":"product_cat","embeddable":true,"href":"https:\/\/topchometro.com.es\/index.php\/wp-json\/wp\/v2\/product_cat?post=110"},{"taxonomy":"product_tag","embeddable":true,"href":"https:\/\/topchometro.com.es\/index.php\/wp-json\/wp\/v2\/product_tag?post=110"}],"curies":[{"name":"wp","href":"https:\/\/api.w.org\/{rel}","templated":true}]}}