{"id":112,"date":"2024-03-26T17:20:27","date_gmt":"2024-03-26T17:20:27","guid":{"rendered":"https:\/\/topchometro.com.es\/index.php\/producto\/b0cnc6fyjk\/"},"modified":"2024-03-26T17:20:27","modified_gmt":"2024-03-26T17:20:27","slug":"b0cnc6fyjk","status":"publish","type":"product","link":"https:\/\/topchometro.com.es\/index.php\/producto\/b0cnc6fyjk\/","title":{"rendered":"B0CNC6FYJK"},"content":{"rendered":"<p>&#8211; Sonido Est\u00e9reo de Alta Fidelidad y Llamadas Claras\uff1aLos controladores din\u00e1micos mejorados de 13mm y diafragma compuesto de triple capa de los auriculares inalambricos bluetooth ofrecen un sonido est\u00e9reo ac\u00fastico de alta fidelidad, lo que permite disfrutar de bajos potentes y agudos n\u00edtidos. Tecnolog\u00eda de cancelaci\u00f3n de ruido CVC y micr\u00f3fono integrado claro que reduce el ruido ambiental y el eco, permite un sonido claro sin importar en llamadas o escuchar m\u00fasica.<\/p>\n","protected":false},"excerpt":{"rendered":"<p><b>CoolJumper Auriculares Bluetooth Sport, Auriculares Bluetooth 5.3 Sport HiFi Stereo, Auriculares In-Ear Inal\u00e1mbricos Disponibles Durante 120 Horas, Auriculares Bluetooth con Pantalla LED<\/b><\/p>\n","protected":false},"featured_media":111,"comment_status":"open","ping_status":"closed","template":"","meta":[],"product_cat":[18],"product_tag":[],"class_list":{"0":"post-112","1":"product","2":"type-product","3":"status-publish","4":"has-post-thumbnail","6":"product_cat-sin-categorizar","8":"first","9":"instock","10":"shipping-taxable","11":"product-type-external"},"_links":{"self":[{"href":"https:\/\/topchometro.com.es\/index.php\/wp-json\/wp\/v2\/product\/112","targetHints":{"allow":["GET"]}}],"collection":[{"href":"https:\/\/topchometro.com.es\/index.php\/wp-json\/wp\/v2\/product"}],"about":[{"href":"https:\/\/topchometro.com.es\/index.php\/wp-json\/wp\/v2\/types\/product"}],"replies":[{"embeddable":true,"href":"https:\/\/topchometro.com.es\/index.php\/wp-json\/wp\/v2\/comments?post=112"}],"wp:featuredmedia":[{"embeddable":true,"href":"https:\/\/topchometro.com.es\/index.php\/wp-json\/wp\/v2\/media\/111"}],"wp:attachment":[{"href":"https:\/\/topchometro.com.es\/index.php\/wp-json\/wp\/v2\/media?parent=112"}],"wp:term":[{"taxonomy":"product_cat","embeddable":true,"href":"https:\/\/topchometro.com.es\/index.php\/wp-json\/wp\/v2\/product_cat?post=112"},{"taxonomy":"product_tag","embeddable":true,"href":"https:\/\/topchometro.com.es\/index.php\/wp-json\/wp\/v2\/product_tag?post=112"}],"curies":[{"name":"wp","href":"https:\/\/api.w.org\/{rel}","templated":true}]}}