{"id":116,"date":"2024-03-26T17:30:54","date_gmt":"2024-03-26T17:30:54","guid":{"rendered":"https:\/\/topchometro.com.es\/index.php\/producto\/b0ctj3hrtk\/"},"modified":"2024-03-26T17:30:54","modified_gmt":"2024-03-26T17:30:54","slug":"b0ctj3hrtk","status":"publish","type":"product","link":"https:\/\/topchometro.com.es\/index.php\/producto\/b0ctj3hrtk\/","title":{"rendered":"B0CTJ3HRTK"},"content":{"rendered":"<p>&#8211; CALIDAD M\u00c1XIMA: Garantizamos calidad superior en todos nuestros productos, utilizando los mejores materiales del mercado para satisfacer las expectativas de nuestros clientes.<br \/>\n&#8211; PRODUCTO SOSTENIBLE: Este producto es una opci\u00f3n sostenible, ya que est\u00e1 fabricado con materiales reciclados y es totalmente reciclable, permitiendo su reutilizaci\u00f3n m\u00faltiples veces.<br \/>\n&#8211; HOMOLOGADO POR LOS BANCOS: Nuestro producto est\u00e1 homologado por el Banco Central Europeo, por lo que ning\u00fan banco deber\u00eda ponerte ninguna traba para aceptar los bl\u00edsters.<br \/>\n&#8211; PACK ECON\u00d3MICO: Nuestro incre\u00edblemente econ\u00f3mico pack ofrece un total de 100 unidades, \u00a1a un precio altamente competitivo! Aprovecha esta oferta \u00fanica y obt\u00e9n la mejor relaci\u00f3n calidad-precio del mercado. \u00a1No te lo pierdas!<br \/>\n&#8211; C\u00d3MODO: Este producto es extremadamente f\u00e1cil de usar y est\u00e1 listo para ser utilizado de inmediato, sin necesidad de ning\u00fan accesorio adicional. \u00a1Simplifica tu vida con esta soluci\u00f3n pr\u00e1ctica y sin complicaciones!<\/p>\n","protected":false},"excerpt":{"rendered":"<p><b>Pack Blister Monedas 100 Unidades, Euros y Centimos, Cartucho Guarda Monedas (Para monedas de 0,20\u20ac)<\/b><\/p>\n","protected":false},"featured_media":115,"comment_status":"open","ping_status":"closed","template":"","meta":[],"product_cat":[18],"product_tag":[],"class_list":{"0":"post-116","1":"product","2":"type-product","3":"status-publish","4":"has-post-thumbnail","6":"product_cat-sin-categorizar","8":"first","9":"instock","10":"shipping-taxable","11":"product-type-external"},"_links":{"self":[{"href":"https:\/\/topchometro.com.es\/index.php\/wp-json\/wp\/v2\/product\/116","targetHints":{"allow":["GET"]}}],"collection":[{"href":"https:\/\/topchometro.com.es\/index.php\/wp-json\/wp\/v2\/product"}],"about":[{"href":"https:\/\/topchometro.com.es\/index.php\/wp-json\/wp\/v2\/types\/product"}],"replies":[{"embeddable":true,"href":"https:\/\/topchometro.com.es\/index.php\/wp-json\/wp\/v2\/comments?post=116"}],"wp:featuredmedia":[{"embeddable":true,"href":"https:\/\/topchometro.com.es\/index.php\/wp-json\/wp\/v2\/media\/115"}],"wp:attachment":[{"href":"https:\/\/topchometro.com.es\/index.php\/wp-json\/wp\/v2\/media?parent=116"}],"wp:term":[{"taxonomy":"product_cat","embeddable":true,"href":"https:\/\/topchometro.com.es\/index.php\/wp-json\/wp\/v2\/product_cat?post=116"},{"taxonomy":"product_tag","embeddable":true,"href":"https:\/\/topchometro.com.es\/index.php\/wp-json\/wp\/v2\/product_tag?post=116"}],"curies":[{"name":"wp","href":"https:\/\/api.w.org\/{rel}","templated":true}]}}