{"id":124,"date":"2024-03-26T17:56:45","date_gmt":"2024-03-26T17:56:45","guid":{"rendered":"https:\/\/topchometro.com.es\/index.php\/producto\/b0cwzyqjl9\/"},"modified":"2024-03-26T17:56:45","modified_gmt":"2024-03-26T17:56:45","slug":"b0cwzyqjl9","status":"publish","type":"product","link":"https:\/\/topchometro.com.es\/index.php\/producto\/b0cwzyqjl9\/","title":{"rendered":"B0CWZYQJL9"},"content":{"rendered":"<p>&#8211; Modo multifrecuencia:7 modos de masaje se pueden cambiar a voluntad, lo que puede aliviar eficazmente el dolor muscular y promover la circulaci\u00f3n sangu\u00ednea.<br \/>\n&#8211; Carga USB:carga magn\u00e9tica, conveniente y eficiente, carga completa en cualquier momento y en cualquier lugar.<br \/>\n&#8211; 100 % resistente al agua:material de silicona m\u00e9dica, suave y agradable para la piel, 100 % resistente al agua, f\u00e1cil de limpiar.<br \/>\n&#8211; Motor silencioso:el ruido es inferior a 50 decibelios, puede relajarse y aliviar la tensi\u00f3n muscular con un masaje en casa o en la oficina.<br \/>\n&#8211; Servicio postventa:si hay alguna pregunta, el personal responder\u00e1 el mensaje dentro de las 24 horas.Preste especial atenci\u00f3n al hecho de que el producto solo se puede iniciar despu\u00e9s de desconectar el cable de carga.<\/p>\n","protected":false},"excerpt":{"rendered":"<p><b>El\u00e9ctrico Port\u00e1til Masajeador \u015c\u1ea1tisfy\u0119r s\u00f9cci\u00f8nad\u00f8r pro 5 Cl\u00ee\u0165oris M\u00fcj\u00e8r original \u1e7ei\u1e07r\u0101\u1e11\u00f2r\u00e1d\u00f2r M\u00f9j\u00ear Con 7 modos \u015c\u1ea1tisfay\u0119r Fem\u00e8n\u1ecbn\u00f4 verd\u1ea1der\u00f4 100% impermeable (122mm)<\/b><\/p>\n","protected":false},"featured_media":123,"comment_status":"open","ping_status":"closed","template":"","meta":[],"product_cat":[18],"product_tag":[],"class_list":{"0":"post-124","1":"product","2":"type-product","3":"status-publish","4":"has-post-thumbnail","6":"product_cat-sin-categorizar","8":"first","9":"instock","10":"shipping-taxable","11":"product-type-external"},"_links":{"self":[{"href":"https:\/\/topchometro.com.es\/index.php\/wp-json\/wp\/v2\/product\/124","targetHints":{"allow":["GET"]}}],"collection":[{"href":"https:\/\/topchometro.com.es\/index.php\/wp-json\/wp\/v2\/product"}],"about":[{"href":"https:\/\/topchometro.com.es\/index.php\/wp-json\/wp\/v2\/types\/product"}],"replies":[{"embeddable":true,"href":"https:\/\/topchometro.com.es\/index.php\/wp-json\/wp\/v2\/comments?post=124"}],"wp:featuredmedia":[{"embeddable":true,"href":"https:\/\/topchometro.com.es\/index.php\/wp-json\/wp\/v2\/media\/123"}],"wp:attachment":[{"href":"https:\/\/topchometro.com.es\/index.php\/wp-json\/wp\/v2\/media?parent=124"}],"wp:term":[{"taxonomy":"product_cat","embeddable":true,"href":"https:\/\/topchometro.com.es\/index.php\/wp-json\/wp\/v2\/product_cat?post=124"},{"taxonomy":"product_tag","embeddable":true,"href":"https:\/\/topchometro.com.es\/index.php\/wp-json\/wp\/v2\/product_tag?post=124"}],"curies":[{"name":"wp","href":"https:\/\/api.w.org\/{rel}","templated":true}]}}