{"id":16451,"date":"2025-10-23T22:11:19","date_gmt":"2025-10-23T22:11:19","guid":{"rendered":"https:\/\/topchometro.com.es\/index.php\/producto\/b0fhkvm3d1\/"},"modified":"2025-10-23T22:11:19","modified_gmt":"2025-10-23T22:11:19","slug":"b0fhkvm3d1","status":"publish","type":"product","link":"https:\/\/topchometro.com.es\/index.php\/producto\/b0fhkvm3d1\/","title":{"rendered":"B0FHKVM3D1"},"content":{"rendered":"<p>&#8211; \u2714 C\u00daRCUMA ORG\u00c1NICA 4500 mg EXTRA POTENTE F\u00f3rmula avanzada con extracto de c\u00farcuma de alta pureza, equivalente a 4500 mg por dosis. Curcumina estandarizada al 95 %, ideal para el bienestar articular, muscular y digestivo.<br \/>\n&#8211; \u2714 ACCI\u00d3N ANTIINFLAMATORIA NATURAL PARA ARTICULACIONES Ayuda a aliviar molestias articulares, rigidez y signos de inflamaci\u00f3n. Ideal para personas activas, deportistas o quienes buscan mejorar movilidad y confort diario de forma natural.<br \/>\n&#8211; \u2714 CON PROBI\u00d3TICOS Y JENGIBRE PARA APOYO DIGESTIVO Enriquecido con probi\u00f3ticos y extracto de jengibre para favorecer la digesti\u00f3n, mejorar la asimilaci\u00f3n de nutrientes y apoyar el equilibrio intestinal.<br \/>\n&#8211; \u2714 M\u00c1XIMA ABSORCI\u00d3N CON PIMIENTA NEGRA (PIPERINA) La piperina mejora significativamente la biodisponibilidad de la curcumina, potenciando su efecto antiinflamatorio y digestivo para resultados visibles.<br \/>\n&#8211; \u2714 120 C\u00c1PSULAS VEGANAS \u2013 FABRICADO EN ESPA\u00d1A Suministro para 4 meses con solo 1 c\u00e1psula al d\u00eda. Apto para veganos, sin gluten, sin OGM. Elaborado bajo est\u00e1ndares de calidad farmac\u00e9utica. ESSENCE HEALTH \u2013 F\u00f3rmulas premium hechas para sentirse bien.<\/p>\n","protected":false},"excerpt":{"rendered":"<p><b>C\u00farcuma Org\u00e1nica 4500 mg | Probi\u00f3ticos y Jengibre | Antiinflamatorio Articular y Digestivo | Curcumina 95% Alta Concentraci\u00f3n | M\u00e1xima Absorci\u00f3n con Pimienta Negra | 120 C\u00e1psulas Veganas<\/b><\/p>\n","protected":false},"featured_media":16450,"comment_status":"open","ping_status":"closed","template":"","meta":[],"product_cat":[18],"product_tag":[],"class_list":{"0":"post-16451","1":"product","2":"type-product","3":"status-publish","4":"has-post-thumbnail","6":"product_cat-sin-categorizar","8":"first","9":"instock","10":"shipping-taxable","11":"product-type-external"},"_links":{"self":[{"href":"https:\/\/topchometro.com.es\/index.php\/wp-json\/wp\/v2\/product\/16451","targetHints":{"allow":["GET"]}}],"collection":[{"href":"https:\/\/topchometro.com.es\/index.php\/wp-json\/wp\/v2\/product"}],"about":[{"href":"https:\/\/topchometro.com.es\/index.php\/wp-json\/wp\/v2\/types\/product"}],"replies":[{"embeddable":true,"href":"https:\/\/topchometro.com.es\/index.php\/wp-json\/wp\/v2\/comments?post=16451"}],"wp:featuredmedia":[{"embeddable":true,"href":"https:\/\/topchometro.com.es\/index.php\/wp-json\/wp\/v2\/media\/16450"}],"wp:attachment":[{"href":"https:\/\/topchometro.com.es\/index.php\/wp-json\/wp\/v2\/media?parent=16451"}],"wp:term":[{"taxonomy":"product_cat","embeddable":true,"href":"https:\/\/topchometro.com.es\/index.php\/wp-json\/wp\/v2\/product_cat?post=16451"},{"taxonomy":"product_tag","embeddable":true,"href":"https:\/\/topchometro.com.es\/index.php\/wp-json\/wp\/v2\/product_tag?post=16451"}],"curies":[{"name":"wp","href":"https:\/\/api.w.org\/{rel}","templated":true}]}}