{"id":16459,"date":"2025-10-24T10:03:52","date_gmt":"2025-10-24T10:03:52","guid":{"rendered":"https:\/\/topchometro.com.es\/index.php\/producto\/b0frr3dflt\/"},"modified":"2025-10-24T10:03:52","modified_gmt":"2025-10-24T10:03:52","slug":"b0frr3dflt","status":"publish","type":"product","link":"https:\/\/topchometro.com.es\/index.php\/producto\/b0frr3dflt\/","title":{"rendered":"B0FRR3DFLT"},"content":{"rendered":"<p>&#8211; Il siero rinforzante per unghie aiuta a rafforzare le unghie, rendendole pi\u00f9 resistenti, lisce e prive di scolorimenti.<br \/>\n&#8211; Dotato di pennello e lima per unghie integrati per la cura delle unghie dei piedi anche fuori casa; l&#8217;uso costante aiuta a mantenere un aspetto curato.<br \/>\n&#8211; Estremamente semplice da usare: dopo aver pulito mani e piedi, applicare direttamente sulle unghie 2-3 volte al giorno.<br \/>\n&#8211; Idrata le cuticole secche, si assorbe rapidamente dopo l&#8217;applicazione e si asciuga in pochi minuti, lasciando una finitura fresca e non appiccicosa.<br \/>\n&#8211; Flacone compatto per un facile trasporto, ideale per l&#8217;uso domestico o come pratico regalo per amici e familiari.<\/p>\n","protected":false},"excerpt":{"rendered":"<p><b>30ml Tratamiento U\u00f1as Pies, Reparadores De U\u00f1as Soluci\u00f3n, Fortalece La Estructura De La U\u00f1a, Estaura Aspecto, Para Decoloradas Gruesas Los Pies, Lima Gratis<\/b><\/p>\n","protected":false},"featured_media":16458,"comment_status":"open","ping_status":"closed","template":"","meta":[],"product_cat":[18],"product_tag":[],"class_list":{"0":"post-16459","1":"product","2":"type-product","3":"status-publish","4":"has-post-thumbnail","6":"product_cat-sin-categorizar","8":"first","9":"instock","10":"shipping-taxable","11":"product-type-external"},"_links":{"self":[{"href":"https:\/\/topchometro.com.es\/index.php\/wp-json\/wp\/v2\/product\/16459","targetHints":{"allow":["GET"]}}],"collection":[{"href":"https:\/\/topchometro.com.es\/index.php\/wp-json\/wp\/v2\/product"}],"about":[{"href":"https:\/\/topchometro.com.es\/index.php\/wp-json\/wp\/v2\/types\/product"}],"replies":[{"embeddable":true,"href":"https:\/\/topchometro.com.es\/index.php\/wp-json\/wp\/v2\/comments?post=16459"}],"wp:featuredmedia":[{"embeddable":true,"href":"https:\/\/topchometro.com.es\/index.php\/wp-json\/wp\/v2\/media\/16458"}],"wp:attachment":[{"href":"https:\/\/topchometro.com.es\/index.php\/wp-json\/wp\/v2\/media?parent=16459"}],"wp:term":[{"taxonomy":"product_cat","embeddable":true,"href":"https:\/\/topchometro.com.es\/index.php\/wp-json\/wp\/v2\/product_cat?post=16459"},{"taxonomy":"product_tag","embeddable":true,"href":"https:\/\/topchometro.com.es\/index.php\/wp-json\/wp\/v2\/product_tag?post=16459"}],"curies":[{"name":"wp","href":"https:\/\/api.w.org\/{rel}","templated":true}]}}