{"id":16635,"date":"2025-10-31T15:03:29","date_gmt":"2025-10-31T15:03:29","guid":{"rendered":"https:\/\/topchometro.com.es\/index.php\/producto\/b0fj5s8y5l\/"},"modified":"2025-10-31T15:03:30","modified_gmt":"2025-10-31T15:03:30","slug":"b0fj5s8y5l","status":"publish","type":"product","link":"https:\/\/topchometro.com.es\/index.php\/producto\/b0fj5s8y5l\/","title":{"rendered":"B0FJ5S8Y5L"},"content":{"rendered":"<p>&#8211; \u2b50\u3010138 LEDs Lichterkette Weihnachten\u3011\uff1aDie 3.5 x 1m gro\u00dfe Weihnachtesbeleuchtung mit 138 hellen LEDs, insgesamt 12 Tropfen und 4 verschiedenen Designs: Sterne, Elche, Weihnachtsb\u00e4ume und Glocken. Der Abstand zwischen jedem Tropfen betr\u00e4gt 20cm, 1.5m Zuleitung mit EU-Standard -Stecker, 3.5 W energieeffizient, mit transparentem Kabel.<br \/>\n&#8211; \ud83c\udf85\u3010IP44 Sicher und zuverl\u00e4ssig\u3011\uff1aDurch die Niederspannung 31V ist der Lichtvorhang sicher und zuverl\u00e4ssig und Kinder k\u00f6nnen die LEDs ber\u00fchren. Die Farbtemperatur ist die gleiche, das weiche Licht, blendet die Augen nicht. IP44 wasserdicht, keine Sorgen f\u00fcr regnerische Tage.<br \/>\n&#8211; \ud83c\udf84\u3010Gute Qualit\u00e4t\u3011\uff1aweihnachtsbeleuchtung bestehen aus hochwertigen Kabeln und LED-Perlen, Die LEDs werden nicht hei\u00df und k\u00f6nnen sorglos in der N\u00e4he von Stoffen und Materialen aufgehangen werden. Diese Spezialbeleuchtung ist die ideale dekoration.<br \/>\n&#8211; \ud83d\udc97\u30108 Verschiedene Modi\u3011\uff1aUnsere sternenlichterkette haben 8 Beleuchtungsmodi, darunter Kombination, Gl\u00fchw\u00fcrmchen blinken, verblassen, Wellen, Jagen, Langsam verblassen, Blinken und Kontinuierlich.<br \/>\n&#8211; \u2705\u3010Einfach zu Installieren\u3011\uff1aUnsere Lichterketten werden mit Haken geliefert. Plug and Play, die vorhang lichterkette sterne werden wundersch\u00f6n leuchten und Ihrer Familie und Party ein festliches und romantisches Ambiente verleihen. Der LED Stern Kann auf Weihnachtsb\u00e4ume, W\u00e4nde, Fenster, T\u00fcren, Fu\u00dfb\u00f6den, Decken, Gr\u00e4sern usw. H\u00e4ngen. Dekorieren Sie ihren Garten, Pavillon, Terrasse, Balkon, Partykeller oder Wohnzimmer.<\/p>\n","protected":false},"excerpt":{"rendered":"<p><b>VIPNAJI Guirnaldas Luminosas Estrellas Cortina Luces, 138 LED Luces de Cadena de Estrellas y Navidad, Led Cortina Cadena Luces, Adornos Navidad Para El Balc\u00f3n, Ventana, Pared, Boda, Fiesta<\/b><\/p>\n","protected":false},"featured_media":16634,"comment_status":"open","ping_status":"closed","template":"","meta":[],"product_cat":[18],"product_tag":[],"class_list":{"0":"post-16635","1":"product","2":"type-product","3":"status-publish","4":"has-post-thumbnail","6":"product_cat-sin-categorizar","8":"first","9":"instock","10":"shipping-taxable","11":"product-type-external"},"_links":{"self":[{"href":"https:\/\/topchometro.com.es\/index.php\/wp-json\/wp\/v2\/product\/16635","targetHints":{"allow":["GET"]}}],"collection":[{"href":"https:\/\/topchometro.com.es\/index.php\/wp-json\/wp\/v2\/product"}],"about":[{"href":"https:\/\/topchometro.com.es\/index.php\/wp-json\/wp\/v2\/types\/product"}],"replies":[{"embeddable":true,"href":"https:\/\/topchometro.com.es\/index.php\/wp-json\/wp\/v2\/comments?post=16635"}],"wp:featuredmedia":[{"embeddable":true,"href":"https:\/\/topchometro.com.es\/index.php\/wp-json\/wp\/v2\/media\/16634"}],"wp:attachment":[{"href":"https:\/\/topchometro.com.es\/index.php\/wp-json\/wp\/v2\/media?parent=16635"}],"wp:term":[{"taxonomy":"product_cat","embeddable":true,"href":"https:\/\/topchometro.com.es\/index.php\/wp-json\/wp\/v2\/product_cat?post=16635"},{"taxonomy":"product_tag","embeddable":true,"href":"https:\/\/topchometro.com.es\/index.php\/wp-json\/wp\/v2\/product_tag?post=16635"}],"curies":[{"name":"wp","href":"https:\/\/api.w.org\/{rel}","templated":true}]}}