{"id":17385,"date":"2025-12-03T09:58:38","date_gmt":"2025-12-03T09:58:38","guid":{"rendered":"https:\/\/topchometro.com.es\/index.php\/producto\/b0frmf6y87\/"},"modified":"2025-12-03T09:58:39","modified_gmt":"2025-12-03T09:58:39","slug":"b0frmf6y87","status":"publish","type":"product","link":"https:\/\/topchometro.com.es\/index.php\/producto\/b0frmf6y87\/","title":{"rendered":"B0FRMF6Y87"},"content":{"rendered":"<p>&#8211; \ud83d\udca1M\u00faltiples modos de iluminaci\u00f3n: Esta lampara escritorio ofrece 5 modos de temperatura de color ajustable, desde luz amarilla c\u00e1lida de 3000 K hasta luz blanca fr\u00eda de 6000 K, y permite un ajuste continuo del brillo para una iluminaci\u00f3n personalizada perfecta para trabajar, estudiar, pintar, coser, maquillarte o leer de noche, adapt\u00e1ndose con precisi\u00f3n a las necesidades de cada escenario.<br \/>\n&#8211; \ud83d\udca1L\u00e1mpara LED Recargable: Esta l\u00e1mpara de escritorio LED cuenta con una bater\u00eda integrada de 4000 mAh, lo que te permite usarla en cualquier lugar, especialmente \u00fatil cuando hay pocos enchufes o durante un corte de energ\u00eda. Adem\u00e1s, su base cuenta con un puerto de carga USB para que puedas cargar f\u00e1cilmente tu tel\u00e9fono m\u00f3vil, tableta, Kindle y otros dispositivos.<br \/>\n&#8211; \ud83d\udca1Lampara Escritorio Led con protecci\u00f3n ocular: Esta l\u00e1mpara de mesa utiliza una fuente de luz LED de alta calidad y tecnolog\u00eda antiparpadeo que proyecta una iluminaci\u00f3n c\u00f3moda y libre de sombras. Gracias a su alta fidelidad de color (CRI\u226590), los colores se ven vibrantes y naturales. Esto ayuda eficazmente a proteger los ojos y a reducir la fatiga visual provocada por largas horas de lectura, estudio o trabajo.<br \/>\n&#8211; \ud83d\udca1Control t\u00e1ctil: Esta lampara escritorio sin cable cuenta de un panel t\u00e1ctil inteligente e intuitivo. Con un simple toque, puedes encenderla y apagarla, ajustar la temperatura de color y configurar el temporizador. Mant\u00e9n presionado el panel para regular el brillo, logrando con facilidad una transici\u00f3n perfecta desde una luz brillante para trabajar o leer, hasta una c\u00e1lida y tenue que favorece el sue\u00f1o.<br \/>\n&#8211; \ud83d\udca1Funci\u00f3n de memoria y temporizador: La flexo escritorio led cuenta con una memoria inteligente que guarda autom\u00e1ticamente su configuraci\u00f3n de brillo y color favorita, list\u00e1ndose para su uso sin esfuerzo. Adem\u00e1s, ofrece un temporizador con dos modos (30 y 60 minutos) que apaga la luz autom\u00e1ticamente, brind\u00e1ndole comodidad absoluta para conciliar el sue\u00f1o, ahorrando energ\u00eda y preocupaciones.<br \/>\n&#8211; \ud83d\udca1Ajuste multi\u00e1ngulo: La l\u00e1mpara de escritorio cuenta con un dise\u00f1o flexible de m\u00faltiples articulaciones, la cabeza de la l\u00e1mpara puede girar 180\u00b0 hacia ambos lados y ajustarse 180\u00b0 verticalmente. Combinado con un brazo articulado, dirige la luz con precisi\u00f3n a cualquier punto necesario. Su base estable garantiza una iluminaci\u00f3n sin sombras, y su dise\u00f1o plegable permite optimizar el espacio de trabajo al guardarla.<\/p>\n","protected":false},"excerpt":{"rendered":"<p><b>L\u00e1mpara de Escritorio, 5 Modos de Lampara Escritorio LED, Bater\u00eda 4000mAh con Puerto de Carga USB, Control T\u00e1ctil, Temporizador y Memoria, Flexo LED Escritorio para Cama, Oficina, Leer y Estudiar<\/b><\/p>\n","protected":false},"featured_media":17384,"comment_status":"open","ping_status":"closed","template":"","meta":[],"product_cat":[18],"product_tag":[],"class_list":{"0":"post-17385","1":"product","2":"type-product","3":"status-publish","4":"has-post-thumbnail","6":"product_cat-sin-categorizar","8":"first","9":"instock","10":"shipping-taxable","11":"product-type-external"},"_links":{"self":[{"href":"https:\/\/topchometro.com.es\/index.php\/wp-json\/wp\/v2\/product\/17385","targetHints":{"allow":["GET"]}}],"collection":[{"href":"https:\/\/topchometro.com.es\/index.php\/wp-json\/wp\/v2\/product"}],"about":[{"href":"https:\/\/topchometro.com.es\/index.php\/wp-json\/wp\/v2\/types\/product"}],"replies":[{"embeddable":true,"href":"https:\/\/topchometro.com.es\/index.php\/wp-json\/wp\/v2\/comments?post=17385"}],"wp:featuredmedia":[{"embeddable":true,"href":"https:\/\/topchometro.com.es\/index.php\/wp-json\/wp\/v2\/media\/17384"}],"wp:attachment":[{"href":"https:\/\/topchometro.com.es\/index.php\/wp-json\/wp\/v2\/media?parent=17385"}],"wp:term":[{"taxonomy":"product_cat","embeddable":true,"href":"https:\/\/topchometro.com.es\/index.php\/wp-json\/wp\/v2\/product_cat?post=17385"},{"taxonomy":"product_tag","embeddable":true,"href":"https:\/\/topchometro.com.es\/index.php\/wp-json\/wp\/v2\/product_tag?post=17385"}],"curies":[{"name":"wp","href":"https:\/\/api.w.org\/{rel}","templated":true}]}}