{"id":5823,"date":"2024-07-30T16:52:57","date_gmt":"2024-07-30T16:52:57","guid":{"rendered":"https:\/\/topchometro.com.es\/index.php\/producto\/b08hqgm698\/"},"modified":"2024-07-30T16:52:57","modified_gmt":"2024-07-30T16:52:57","slug":"b08hqgm698","status":"publish","type":"product","link":"https:\/\/topchometro.com.es\/index.php\/producto\/b08hqgm698\/","title":{"rendered":"B08HQGM698"},"content":{"rendered":"<p>&#8211; Compatibilidad perfecta: compatible con todos los cepillos de dientes Oral B Braun, excepto Oral-B Pulsonic e iO. Los cabezales de cepillo de dientes de repuesto KHBD son compatibles con Oral-B ProfessionalCare Series, Oral-B Triumph Series, Oral-B TriZone Series, Oral-B AdvancePower Series, Oral B Vitality Precision Clean, Oral B Vitality Sensitive, Oral B Vitality White + Clean, Oral-B Vitality Dual Clean.<br \/>\n&#8211; Cabezales de cepillo de repuesto de precisi\u00f3n: estos cabezales de cepillo de precisi\u00f3n proporcionan una limpieza superior diaria con sus cerdas \u00fanicas de borde de arco que cubren cada diente mientras cepillas, aumentan el \u00e1rea de fijaci\u00f3n del cepillo de dientes. Est\u00e1 especialmente dise\u00f1ado para una limpieza de precisi\u00f3n y m\u00e1s eliminaci\u00f3n de placa dental 2 veces a lo largo de la l\u00ednea de las enc\u00edas que un cepillo de dientes manual normal.<br \/>\n&#8211; Cerdas Dupont duraderas de Estados Unidos: nuestros cepillos de dientes est\u00e1n hechos con cerdas DuPont, que han sido reconocidas como el \u00e1pice de calidad en la industria de cerdas sint\u00e9ticas del cuidado bucal, con mejor elasticidad y dureza, cerdas suaves, no se deforman f\u00e1cilmente y son m\u00e1s duraderas.<br \/>\n&#8211; Excelente efecto de limpieza: las cerdas en ambos extremos de nuestro cabezal de cepillo son ligeramente m\u00e1s largas, por lo que es f\u00e1cil limpiar el punto ciego en la cavidad oral (cada lado de los dientes m\u00e1s internos y el espacio de los dientes). Limpieza integral, aliento fresco, prevenci\u00f3n de caries.<br \/>\n&#8211; Seguro y fiable: nuestras cerdas protegen las enc\u00edas y el esmalte. La punta de las cerdas est\u00e1 cuidadosamente redondeada con un molinillo de diamante, que se puede limpiar suavemente sin causar da\u00f1os. Todos los cepillos de dientes est\u00e1n desinfectados por radiaci\u00f3n ultravioleta, y las cerdas tambi\u00e9n tienen propiedades antibacterianas para evitar el crecimiento bacteriano.<br \/>\n&#8211; Paquete de gran valor: una caja incluye 16 cepillos de precisi\u00f3n, que te proporcionar\u00e1n cepillos de dientes de alta calidad para los pr\u00f3ximos meses. F\u00e1cil instalaci\u00f3n, almacenamiento c\u00f3modo, gran cantidad. Gran relaci\u00f3n calidad-precio.<br \/>\n&#8211; Reconocimiento de color: compatible con cabezales de cepillo de dientes Oral B con anillos codificados por colores para una f\u00e1cil identificaci\u00f3n, lo que hace que los cabezales de cepillo de dientes el\u00e9ctrico KHBD sean perfectos para toda la familia.<br \/>\n&#8211; Reemplazo regular: el dentista aconsej\u00f3 que los cepillos de repuesto se cambien cada tres meses. Las cerdas deste\u00f1idas de nuestros cabezales de cepillo de dientes informaron que es hora de reemplazar los cabezales del cepillo.<br \/>\n&#8211; \u3010Garantizado\u3011Si no est\u00e1s satisfecho o el producto se rompe, incluso si has utilizado los cabezales de cepillo, simplemente env\u00edanos un mensaje para hacernos saber y te daremos un servicio posventa satisfactorio<\/p>\n","protected":false},"excerpt":{"rendered":"<p><b>KHBD Cabezal de cepillo de dientes compatible con cepillo de dientes el\u00e9ctrico Braun Oral B, cabezales de repuesto de precisi\u00f3n para Oral B Pro 600 650 2000 2500 3000, Smart Genius, paquete de 16<\/b><\/p>\n","protected":false},"featured_media":5822,"comment_status":"open","ping_status":"closed","template":"","meta":[],"product_cat":[18],"product_tag":[],"class_list":{"0":"post-5823","1":"product","2":"type-product","3":"status-publish","4":"has-post-thumbnail","6":"product_cat-sin-categorizar","8":"first","9":"instock","10":"shipping-taxable","11":"product-type-external"},"_links":{"self":[{"href":"https:\/\/topchometro.com.es\/index.php\/wp-json\/wp\/v2\/product\/5823","targetHints":{"allow":["GET"]}}],"collection":[{"href":"https:\/\/topchometro.com.es\/index.php\/wp-json\/wp\/v2\/product"}],"about":[{"href":"https:\/\/topchometro.com.es\/index.php\/wp-json\/wp\/v2\/types\/product"}],"replies":[{"embeddable":true,"href":"https:\/\/topchometro.com.es\/index.php\/wp-json\/wp\/v2\/comments?post=5823"}],"wp:featuredmedia":[{"embeddable":true,"href":"https:\/\/topchometro.com.es\/index.php\/wp-json\/wp\/v2\/media\/5822"}],"wp:attachment":[{"href":"https:\/\/topchometro.com.es\/index.php\/wp-json\/wp\/v2\/media?parent=5823"}],"wp:term":[{"taxonomy":"product_cat","embeddable":true,"href":"https:\/\/topchometro.com.es\/index.php\/wp-json\/wp\/v2\/product_cat?post=5823"},{"taxonomy":"product_tag","embeddable":true,"href":"https:\/\/topchometro.com.es\/index.php\/wp-json\/wp\/v2\/product_tag?post=5823"}],"curies":[{"name":"wp","href":"https:\/\/api.w.org\/{rel}","templated":true}]}}