{"id":90,"date":"2024-03-26T16:27:04","date_gmt":"2024-03-26T16:27:04","guid":{"rendered":"https:\/\/topchometro.com.es\/index.php\/producto\/b082pwggmd\/"},"modified":"2024-03-26T16:27:04","modified_gmt":"2024-03-26T16:27:04","slug":"b082pwggmd","status":"publish","type":"product","link":"https:\/\/topchometro.com.es\/index.php\/producto\/b082pwggmd\/","title":{"rendered":"B082PWGGMD"},"content":{"rendered":"<p>&#8211; PARA UNA POSICI\u00d3N SANA: Puedes ajustar esta silla de oficina a la altura correcta mientras trabaja, manteniendo una postura c\u00f3moda para mejorar la eficiencia del trabajo; tambi\u00e9n puede activar el modo de inclinaci\u00f3n libre de la silla despu\u00e9s de trabajar mucho tiempo, inclin\u00e1ndola 15\u00b0 para estirar tu cuerpo y relajar tu mente<br \/>\n&#8211; RESPIRATORIO Y CONFORTABLE: \u00bfSiente que le suda la espalda despu\u00e9s de estar sentado mucho tiempo en el trabajo? El asiento transpirable acolchado con espuma de calidad y un respaldo de malla ergon\u00f3mico le mantienen fresco incluso en un caluroso d\u00eda de verano<br \/>\n&#8211; SEGURO Y ESTABLE: Esta silla de escritorio tiene una robusta base de acero en forma de estrella con ruedas de nylon para moverse sin fricci\u00f3n ni ruido; el cilindro de auto-retorno ha pasado la prueba de T\u00dcV Rheinland LGA Bautechnik GmbH seg\u00fan la norma EN 16955:2017, Clase 3 (Informe N\u00ba: 72745, Titular: Proveedor<br \/>\n&#8211; Ruedas de seguridad: Las ruedas de seguridad, equipadas con un mecanismo de freno sensible a la presi\u00f3n, ruedan libremente cuando est\u00e1s sentado en la silla de ordenador, pero la mantienen en su sitio cuando te levantas<br \/>\n&#8211; QUE HAYE EN LA CAJA: Una silla de oficina ajustable SONGMICS, instrucciones f\u00e1ciles de entender, una bolsa con accesorios de montaje y una alta productividad en esta silla de oficina de malla<\/p>\n","protected":false},"excerpt":{"rendered":"<p><b>SONGMICS, Silla Giratoria, Regulable en Altura, Funci\u00f3n de Inclinaci\u00f3n, Respaldo y Asiento de Malla Transpirable, para Estudio de Oficina, Carga M\u00e1x. 120 kg, Negro OBN22BK, 58 x 60,5 x (96-104) cm<\/b><\/p>\n","protected":false},"featured_media":89,"comment_status":"open","ping_status":"closed","template":"","meta":[],"product_cat":[18],"product_tag":[],"class_list":{"0":"post-90","1":"product","2":"type-product","3":"status-publish","4":"has-post-thumbnail","6":"product_cat-sin-categorizar","8":"first","9":"instock","10":"shipping-taxable","11":"product-type-external"},"_links":{"self":[{"href":"https:\/\/topchometro.com.es\/index.php\/wp-json\/wp\/v2\/product\/90","targetHints":{"allow":["GET"]}}],"collection":[{"href":"https:\/\/topchometro.com.es\/index.php\/wp-json\/wp\/v2\/product"}],"about":[{"href":"https:\/\/topchometro.com.es\/index.php\/wp-json\/wp\/v2\/types\/product"}],"replies":[{"embeddable":true,"href":"https:\/\/topchometro.com.es\/index.php\/wp-json\/wp\/v2\/comments?post=90"}],"wp:featuredmedia":[{"embeddable":true,"href":"https:\/\/topchometro.com.es\/index.php\/wp-json\/wp\/v2\/media\/89"}],"wp:attachment":[{"href":"https:\/\/topchometro.com.es\/index.php\/wp-json\/wp\/v2\/media?parent=90"}],"wp:term":[{"taxonomy":"product_cat","embeddable":true,"href":"https:\/\/topchometro.com.es\/index.php\/wp-json\/wp\/v2\/product_cat?post=90"},{"taxonomy":"product_tag","embeddable":true,"href":"https:\/\/topchometro.com.es\/index.php\/wp-json\/wp\/v2\/product_tag?post=90"}],"curies":[{"name":"wp","href":"https:\/\/api.w.org\/{rel}","templated":true}]}}