{"id":92,"date":"2024-03-26T16:28:04","date_gmt":"2024-03-26T16:28:04","guid":{"rendered":"https:\/\/topchometro.com.es\/index.php\/producto\/b00564ni9u\/"},"modified":"2024-03-26T16:28:04","modified_gmt":"2024-03-26T16:28:04","slug":"b00564ni9u","status":"publish","type":"product","link":"https:\/\/topchometro.com.es\/index.php\/producto\/b00564ni9u\/","title":{"rendered":"B00564NI9U"},"content":{"rendered":"<p>&#8211; Escritura C\u00f3moda: Este teclado USB que permite escribir c\u00f3modamente durante mucho tiempo<br \/>\n&#8211; Encantador y Robusto: El teclado tiene dise\u00f1o est\u00e1ndar con teclas F y teclado num\u00e9rico de tama\u00f1o normal y es resistente, con un dise\u00f1o resistente a salpicaduras y teclas duraderas<br \/>\n&#8211; Perfil Plano: El teclado tiene un perfil plano que a\u00f1ade elegancia al escritorio a la vez que permite mantener las manos en una posici\u00f3n m\u00e1s c\u00f3moda y natural<br \/>\n&#8211; Patas Ajustables y Robustas: Con las patas plegables desplegadas, la inclinaci\u00f3n del teclado se incrementa en 8\u00b0<br \/>\n&#8211; Conexi\u00f3n Plug and Play: Se instala f\u00e1cilmente, basta con conectarlo al puerto USB del ordenador de sobremesa, port\u00e1til o netbook, y ya se puede empezar a usar<br \/>\n&#8211; La Calidad Logitech: Descubre nuestros teclados para el espa\u00f1ol y ratones con cable, mini, inal\u00e1mbricos o Bluetooth para el gaming o la oficina y accesorios para tablets, como Samsung Galaxy o iPad<br \/>\n&#8211; Prueba la Combinaci\u00f3n Inal\u00e1mbrica Logitech MK270: Para mayor libertad de movimiento con conexi\u00f3n inal\u00e1mbrica fiable, botones de acceso r\u00e1pido y directos a multimedia y duraci\u00f3n de pilas prolongada<br \/>\n&#8211; Requisitos del sistema: PC con Windows (Windows XP, Windows Vista o Windows 7) o kernel Linux 2.6+; Puerto USB<\/p>\n","protected":false},"excerpt":{"rendered":"<p><b>Logitech K120 Teclado con Cable Business para Windows, Tama\u00f1o Normal, Resistante a L\u00edquido, Barra Espaciadora Curvada, PC\/Port\u00e1til, Disposici\u00f3n QWERTY Espa\u00f1ol, color Negro<\/b><\/p>\n","protected":false},"featured_media":91,"comment_status":"open","ping_status":"closed","template":"","meta":[],"product_cat":[18],"product_tag":[],"class_list":{"0":"post-92","1":"product","2":"type-product","3":"status-publish","4":"has-post-thumbnail","6":"product_cat-sin-categorizar","8":"first","9":"instock","10":"shipping-taxable","11":"product-type-external"},"_links":{"self":[{"href":"https:\/\/topchometro.com.es\/index.php\/wp-json\/wp\/v2\/product\/92","targetHints":{"allow":["GET"]}}],"collection":[{"href":"https:\/\/topchometro.com.es\/index.php\/wp-json\/wp\/v2\/product"}],"about":[{"href":"https:\/\/topchometro.com.es\/index.php\/wp-json\/wp\/v2\/types\/product"}],"replies":[{"embeddable":true,"href":"https:\/\/topchometro.com.es\/index.php\/wp-json\/wp\/v2\/comments?post=92"}],"wp:featuredmedia":[{"embeddable":true,"href":"https:\/\/topchometro.com.es\/index.php\/wp-json\/wp\/v2\/media\/91"}],"wp:attachment":[{"href":"https:\/\/topchometro.com.es\/index.php\/wp-json\/wp\/v2\/media?parent=92"}],"wp:term":[{"taxonomy":"product_cat","embeddable":true,"href":"https:\/\/topchometro.com.es\/index.php\/wp-json\/wp\/v2\/product_cat?post=92"},{"taxonomy":"product_tag","embeddable":true,"href":"https:\/\/topchometro.com.es\/index.php\/wp-json\/wp\/v2\/product_tag?post=92"}],"curies":[{"name":"wp","href":"https:\/\/api.w.org\/{rel}","templated":true}]}}